{"id":2502,"date":"2024-07-08T10:40:03","date_gmt":"2024-07-08T10:40:03","guid":{"rendered":"https:\/\/solomonhillsca.com\/?page_id=2502"},"modified":"2025-05-15T08:45:30","modified_gmt":"2025-05-15T15:45:30","slug":"attainable-homes","status":"publish","type":"page","link":"https:\/\/solomonhillsca.com\/es\/viviendas-asequibles\/","title":{"rendered":"Viviendas Alcanzables"},"content":{"rendered":"<div data-elementor-type=\"wp-page\" data-elementor-id=\"2502\" class=\"elementor elementor-2502\" data-elementor-settings=\"{&quot;element_pack_global_tooltip_width&quot;:{&quot;unit&quot;:&quot;px&quot;,&quot;size&quot;:&quot;&quot;,&quot;sizes&quot;:[]},&quot;element_pack_global_tooltip_width_tablet&quot;:{&quot;unit&quot;:&quot;px&quot;,&quot;size&quot;:&quot;&quot;,&quot;sizes&quot;:[]},&quot;element_pack_global_tooltip_width_mobile&quot;:{&quot;unit&quot;:&quot;px&quot;,&quot;size&quot;:&quot;&quot;,&quot;sizes&quot;:[]},&quot;element_pack_global_tooltip_padding&quot;:{&quot;unit&quot;:&quot;px&quot;,&quot;top&quot;:&quot;&quot;,&quot;right&quot;:&quot;&quot;,&quot;bottom&quot;:&quot;&quot;,&quot;left&quot;:&quot;&quot;,&quot;isLinked&quot;:true},&quot;element_pack_global_tooltip_padding_tablet&quot;:{&quot;unit&quot;:&quot;px&quot;,&quot;top&quot;:&quot;&quot;,&quot;right&quot;:&quot;&quot;,&quot;bottom&quot;:&quot;&quot;,&quot;left&quot;:&quot;&quot;,&quot;isLinked&quot;:true},&quot;element_pack_global_tooltip_padding_mobile&quot;:{&quot;unit&quot;:&quot;px&quot;,&quot;top&quot;:&quot;&quot;,&quot;right&quot;:&quot;&quot;,&quot;bottom&quot;:&quot;&quot;,&quot;left&quot;:&quot;&quot;,&quot;isLinked&quot;:true},&quot;element_pack_global_tooltip_border_radius&quot;:{&quot;unit&quot;:&quot;px&quot;,&quot;top&quot;:&quot;&quot;,&quot;right&quot;:&quot;&quot;,&quot;bottom&quot;:&quot;&quot;,&quot;left&quot;:&quot;&quot;,&quot;isLinked&quot;:true},&quot;element_pack_global_tooltip_border_radius_tablet&quot;:{&quot;unit&quot;:&quot;px&quot;,&quot;top&quot;:&quot;&quot;,&quot;right&quot;:&quot;&quot;,&quot;bottom&quot;:&quot;&quot;,&quot;left&quot;:&quot;&quot;,&quot;isLinked&quot;:true},&quot;element_pack_global_tooltip_border_radius_mobile&quot;:{&quot;unit&quot;:&quot;px&quot;,&quot;top&quot;:&quot;&quot;,&quot;right&quot;:&quot;&quot;,&quot;bottom&quot;:&quot;&quot;,&quot;left&quot;:&quot;&quot;,&quot;isLinked&quot;:true}}\" data-elementor-post-type=\"page\">\n\t\t\t\t<div class=\"elementor-element elementor-element-0ad0b03 e-flex e-con-boxed e-con e-parent\" data-id=\"0ad0b03\" data-element_type=\"container\" data-e-type=\"container\" data-settings=\"{&quot;background_background&quot;:&quot;classic&quot;}\">\n\t\t\t\t\t<div class=\"e-con-inner\">\n\t\t\t\t<div class=\"elementor-element elementor-element-a68359c elementor-fixed elementor-hidden-mobile elementor-invisible elementor-widget elementor-widget-button\" data-id=\"a68359c\" data-element_type=\"widget\" data-e-type=\"widget\" data-settings=\"{&quot;_position&quot;:&quot;fixed&quot;,&quot;_animation&quot;:&quot;zoomIn&quot;}\" data-widget_type=\"button.default\">\n\t\t\t\t<div class=\"elementor-widget-container\">\n\t\t\t\t\t\t\t\t\t<div class=\"elementor-button-wrapper\">\n\t\t\t\t\t<a class=\"elementor-button elementor-button-link elementor-size-sm\" href=\"https:\/\/solomonhillsca.com\/es\/contacto\/\">\n\t\t\t\t\t\t<span class=\"elementor-button-content-wrapper\">\n\t\t\t\t\t\t\t\t\t<span class=\"elementor-button-text\">\u00daNETE <\/br>A NUESTRO<\/br>VIAJE<\/span>\n\t\t\t\t\t<\/span>\n\t\t\t\t\t<\/a>\n\t\t\t\t<\/div>\n\t\t\t\t\t\t\t\t<\/div>\n\t\t\t\t<\/div>\n\t\t\t\t\t<\/div>\n\t\t\t\t<\/div>\n\t\t<div class=\"elementor-element elementor-element-7e07f6a e-con-full e-flex e-con e-parent\" data-id=\"7e07f6a\" data-element_type=\"container\" data-e-type=\"container\" data-settings=\"{&quot;background_background&quot;:&quot;classic&quot;}\">\n\t\t\t\t<\/div>\n\t\t<div class=\"elementor-element elementor-element-728119d e-con-full e-flex e-con e-parent\" data-id=\"728119d\" data-element_type=\"container\" data-e-type=\"container\">\n\t\t\t\t<div class=\"elementor-element elementor-element-2804178 elementor-invisible elementor-widget elementor-widget-heading\" data-id=\"2804178\" data-element_type=\"widget\" data-e-type=\"widget\" data-settings=\"{&quot;_animation&quot;:&quot;zoomOutUp&quot;,&quot;_animation_delay&quot;:600}\" data-widget_type=\"heading.default\">\n\t\t\t\t<div class=\"elementor-widget-container\">\n\t\t\t\t\t<h2 class=\"elementor-heading-title elementor-size-default\">Oportunidad<\/h2>\t\t\t\t<\/div>\n\t\t\t\t<\/div>\n\t\t\t\t<div class=\"elementor-element elementor-element-f2fa2e1 elementor-invisible elementor-widget elementor-widget-heading\" data-id=\"f2fa2e1\" data-element_type=\"widget\" data-e-type=\"widget\" data-settings=\"{&quot;_animation&quot;:&quot;zoomOutUp&quot;,&quot;_animation_delay&quot;:700}\" data-widget_type=\"heading.default\">\n\t\t\t\t<div class=\"elementor-widget-container\">\n\t\t\t\t\t<h2 class=\"elementor-heading-title elementor-size-default\">Cumpliendo los Sue\u00f1os de Ser Propietario de una Vivienda<\/h2>\t\t\t\t<\/div>\n\t\t\t\t<\/div>\n\t\t\t\t<div class=\"elementor-element elementor-element-db354fa elementor-widget__width-initial elementor-widget-mobile__width-inherit elementor-invisible elementor-widget elementor-widget-text-editor\" data-id=\"db354fa\" data-element_type=\"widget\" data-e-type=\"widget\" data-settings=\"{&quot;_animation&quot;:&quot;zoomOutUp&quot;,&quot;_animation_delay&quot;:800}\" data-widget_type=\"text-editor.default\">\n\t\t\t\t<div class=\"elementor-widget-container\">\n\t\t\t\t\t\t\t\t\t<p>Solomon Hills ofrece a las personas del Norte del Condado de Santa B\u00e1rbara el verdadero potencial de ser propietarios de una vivienda alcanzable, con m\u00e1s del 70% de las 4,000 viviendas planificadas dise\u00f1adas para familias trabajadoras y compradores primerizos.<\/p>\t\t\t\t\t\t\t\t<\/div>\n\t\t\t\t<\/div>\n\t\t\t\t<div class=\"elementor-element elementor-element-0b0fd19 elementor-widget__width-initial elementor-widget-mobile__width-inherit elementor-invisible elementor-widget elementor-widget-text-editor\" data-id=\"0b0fd19\" data-element_type=\"widget\" data-e-type=\"widget\" data-settings=\"{&quot;_animation&quot;:&quot;zoomOutUp&quot;,&quot;_animation_delay&quot;:900}\" data-widget_type=\"text-editor.default\">\n\t\t\t\t<div class=\"elementor-widget-container\">\n\t\t\t\t\t\t\t\t\t<p>Es una visi\u00f3n que imagina una calidad de vida donde la naturaleza y las personas coexisten en armon\u00eda equilibrada para enriquecer la vida diariamente. La planificaci\u00f3n cuidadosa, el dise\u00f1o innovador y la sostenibilidad son fundamentales y se han considerado con esmero para garantizar que los precios de las viviendas se mantengan al alcance.<\/p>\t\t\t\t\t\t\t\t<\/div>\n\t\t\t\t<\/div>\n\t\t\t\t<div class=\"elementor-element elementor-element-ab34f3d elementor-widget__width-initial elementor-widget-mobile__width-inherit elementor-invisible elementor-widget elementor-widget-text-editor\" data-id=\"ab34f3d\" data-element_type=\"widget\" data-e-type=\"widget\" data-settings=\"{&quot;_animation&quot;:&quot;zoomOutUp&quot;,&quot;_animation_delay&quot;:1000}\" data-widget_type=\"text-editor.default\">\n\t\t\t\t<div class=\"elementor-widget-container\">\n\t\t\t\t\t\t\t\t\t<p>Al imaginar c\u00f3mo deber\u00eda ser la comunidad ideal para el Norte del Condado, Solomon Hills se adentra en su pasado para honrar el rico legado, la cultura y el estilo de vida de la zona, mientras ofrece un lugar nuevo, sostenible y vibrante para llamar hogar.<\/p>\t\t\t\t\t\t\t\t<\/div>\n\t\t\t\t<\/div>\n\t\t\t\t<\/div>\n\t\t<div class=\"elementor-element elementor-element-c32cafd e-flex e-con-boxed e-con e-parent\" data-id=\"c32cafd\" data-element_type=\"container\" data-e-type=\"container\" data-settings=\"{&quot;background_background&quot;:&quot;classic&quot;}\">\n\t\t\t\t\t<div class=\"e-con-inner\">\n\t\t<div class=\"elementor-element elementor-element-d9e4874 e-con-full e-flex e-con e-child\" data-id=\"d9e4874\" data-element_type=\"container\" data-e-type=\"container\">\n\t\t\t\t<div class=\"elementor-element elementor-element-5d42ad0 elementor-invisible elementor-widget elementor-widget-icon-box\" data-id=\"5d42ad0\" data-element_type=\"widget\" data-e-type=\"widget\" data-settings=\"{&quot;_animation&quot;:&quot;zoomOutUp&quot;,&quot;_animation_delay&quot;:600}\" data-widget_type=\"icon-box.default\">\n\t\t\t\t<div class=\"elementor-widget-container\">\n\t\t\t\t\t\t\t<div class=\"elementor-icon-box-wrapper\">\n\n\t\t\t\n\t\t\t\t\t\t<div class=\"elementor-icon-box-content\">\n\n\t\t\t\t\t\t\t\t\t<h3 class=\"elementor-icon-box-title\">\n\t\t\t\t\t\t<span  >\n\t\t\t\t\t\t\t71<sup style=\"color: #1E5C51\">%<\/sup>\t\t\t\t\t\t<\/span>\n\t\t\t\t\t<\/h3>\n\t\t\t\t\n\t\t\t\t\t\t\t\t\t<p class=\"elementor-icon-box-description\">\n\t\t\t\t\t\tde las viviendas son alcanzables <br> para las familias trabajadoras.\t\t\t\t\t<\/p>\n\t\t\t\t\n\t\t\t<\/div>\n\t\t\t\n\t\t<\/div>\n\t\t\t\t\t\t<\/div>\n\t\t\t\t<\/div>\n\t\t\t\t<div class=\"elementor-element elementor-element-22996c8 elementor-invisible elementor-widget elementor-widget-image\" data-id=\"22996c8\" data-element_type=\"widget\" data-e-type=\"widget\" data-settings=\"{&quot;_animation&quot;:&quot;zoomOutUp&quot;}\" data-widget_type=\"image.default\">\n\t\t\t\t<div class=\"elementor-widget-container\">\n\t\t\t\t\t\t\t\t\t\t\t\t\t\t\t<img fetchpriority=\"high\" decoding=\"async\" width=\"900\" height=\"900\" src=\"https:\/\/solomonhillsca.com\/wp-content\/uploads\/2024\/07\/ICONS-Attainable-Homes-1.png\" class=\"attachment-large size-large wp-image-3242\" alt=\"\" srcset=\"https:\/\/solomonhillsca.com\/wp-content\/uploads\/2024\/07\/ICONS-Attainable-Homes-1.png 900w, https:\/\/solomonhillsca.com\/wp-content\/uploads\/2024\/07\/ICONS-Attainable-Homes-1-300x300.png 300w, https:\/\/solomonhillsca.com\/wp-content\/uploads\/2024\/07\/ICONS-Attainable-Homes-1-150x150.png 150w, https:\/\/solomonhillsca.com\/wp-content\/uploads\/2024\/07\/ICONS-Attainable-Homes-1-768x768.png 768w, https:\/\/solomonhillsca.com\/wp-content\/uploads\/2024\/07\/ICONS-Attainable-Homes-1-12x12.png 12w, https:\/\/solomonhillsca.com\/wp-content\/uploads\/2024\/07\/ICONS-Attainable-Homes-1-650x650.png 650w\" sizes=\"(max-width: 900px) 100vw, 900px\" \/>\t\t\t\t\t\t\t\t\t\t\t\t\t\t\t<\/div>\n\t\t\t\t<\/div>\n\t\t\t\t<\/div>\n\t\t<div class=\"elementor-element elementor-element-dea65cb e-con-full e-flex e-con e-child\" data-id=\"dea65cb\" data-element_type=\"container\" data-e-type=\"container\">\n\t\t\t\t<div class=\"elementor-element elementor-element-c56e9f5 elementor-invisible elementor-widget elementor-widget-icon-box\" data-id=\"c56e9f5\" data-element_type=\"widget\" data-e-type=\"widget\" data-settings=\"{&quot;_animation&quot;:&quot;zoomOutUp&quot;,&quot;_animation_delay&quot;:600}\" data-widget_type=\"icon-box.default\">\n\t\t\t\t<div class=\"elementor-widget-container\">\n\t\t\t\t\t\t\t<div class=\"elementor-icon-box-wrapper\">\n\n\t\t\t\n\t\t\t\t\t\t<div class=\"elementor-icon-box-content\">\n\n\t\t\t\t\t\t\t\t\t<h3 class=\"elementor-icon-box-title\">\n\t\t\t\t\t\t<span  >\n\t\t\t\t\t\t\t65<sup style=\"color: #1E5C51\">%<\/sup>\t\t\t\t\t\t<\/span>\n\t\t\t\t\t<\/h3>\n\t\t\t\t\n\t\t\t\t\t\t\t\t\t<p class=\"elementor-icon-box-description\">\n\t\t\t\t\t\tde tierra se preserva para la naturaleza, <br> espacio abierto y ocio.\t\t\t\t\t<\/p>\n\t\t\t\t\n\t\t\t<\/div>\n\t\t\t\n\t\t<\/div>\n\t\t\t\t\t\t<\/div>\n\t\t\t\t<\/div>\n\t\t\t\t<div class=\"elementor-element elementor-element-2a9d886 elementor-invisible elementor-widget elementor-widget-image\" data-id=\"2a9d886\" data-element_type=\"widget\" data-e-type=\"widget\" data-settings=\"{&quot;_animation&quot;:&quot;zoomOutUp&quot;}\" data-widget_type=\"image.default\">\n\t\t\t\t<div class=\"elementor-widget-container\">\n\t\t\t\t\t\t\t\t\t\t\t\t\t\t\t<img decoding=\"async\" width=\"900\" height=\"900\" src=\"https:\/\/solomonhillsca.com\/wp-content\/uploads\/2024\/07\/ICONS-Attainable-Homes.png\" class=\"attachment-large size-large wp-image-3243\" alt=\"\" srcset=\"https:\/\/solomonhillsca.com\/wp-content\/uploads\/2024\/07\/ICONS-Attainable-Homes.png 900w, https:\/\/solomonhillsca.com\/wp-content\/uploads\/2024\/07\/ICONS-Attainable-Homes-300x300.png 300w, https:\/\/solomonhillsca.com\/wp-content\/uploads\/2024\/07\/ICONS-Attainable-Homes-150x150.png 150w, https:\/\/solomonhillsca.com\/wp-content\/uploads\/2024\/07\/ICONS-Attainable-Homes-768x768.png 768w, https:\/\/solomonhillsca.com\/wp-content\/uploads\/2024\/07\/ICONS-Attainable-Homes-12x12.png 12w, https:\/\/solomonhillsca.com\/wp-content\/uploads\/2024\/07\/ICONS-Attainable-Homes-650x650.png 650w\" sizes=\"(max-width: 900px) 100vw, 900px\" \/>\t\t\t\t\t\t\t\t\t\t\t\t\t\t\t<\/div>\n\t\t\t\t<\/div>\n\t\t\t\t<div class=\"elementor-element elementor-element-1ddeba7 elementor-absolute e-transform elementor-hidden-tablet elementor-hidden-mobile elementor-invisible elementor-widget elementor-widget-image\" data-id=\"1ddeba7\" data-element_type=\"widget\" data-e-type=\"widget\" data-settings=\"{&quot;_position&quot;:&quot;absolute&quot;,&quot;_transform_flipX_effect&quot;:&quot;transform&quot;,&quot;_animation&quot;:&quot;fadeIn&quot;,&quot;_animation_delay&quot;:200}\" data-widget_type=\"image.default\">\n\t\t\t\t<div class=\"elementor-widget-container\">\n\t\t\t\t\t\t\t\t\t\t\t\t\t\t\t<img decoding=\"async\" width=\"922\" height=\"756\" src=\"https:\/\/solomonhillsca.com\/wp-content\/uploads\/2024\/07\/istockphoto-1774905875-1024x1024-1.png\" class=\"attachment-large size-large wp-image-2563\" alt=\"\" srcset=\"https:\/\/solomonhillsca.com\/wp-content\/uploads\/2024\/07\/istockphoto-1774905875-1024x1024-1.png 922w, https:\/\/solomonhillsca.com\/wp-content\/uploads\/2024\/07\/istockphoto-1774905875-1024x1024-1-300x246.png 300w, https:\/\/solomonhillsca.com\/wp-content\/uploads\/2024\/07\/istockphoto-1774905875-1024x1024-1-768x630.png 768w, https:\/\/solomonhillsca.com\/wp-content\/uploads\/2024\/07\/istockphoto-1774905875-1024x1024-1-650x533.png 650w\" sizes=\"(max-width: 922px) 100vw, 922px\" \/>\t\t\t\t\t\t\t\t\t\t\t\t\t\t\t<\/div>\n\t\t\t\t<\/div>\n\t\t\t\t<\/div>\n\t\t\t\t\t<\/div>\n\t\t\t\t<\/div>\n\t\t<div class=\"elementor-element elementor-element-6381ed5 e-flex e-con-boxed e-con e-parent\" data-id=\"6381ed5\" data-element_type=\"container\" data-e-type=\"container\">\n\t\t\t\t\t<div class=\"e-con-inner\">\n\t\t\t\t<div class=\"elementor-element elementor-element-a8e3f51 elementor-invisible elementor-widget elementor-widget-heading\" data-id=\"a8e3f51\" data-element_type=\"widget\" data-e-type=\"widget\" data-settings=\"{&quot;_animation&quot;:&quot;zoomOutUp&quot;,&quot;_animation_delay&quot;:600}\" data-widget_type=\"heading.default\">\n\t\t\t\t<div class=\"elementor-widget-container\">\n\t\t\t\t\t<h2 class=\"elementor-heading-title elementor-size-default\">4.000 viviendas<\/h2>\t\t\t\t<\/div>\n\t\t\t\t<\/div>\n\t\t\t\t<div class=\"elementor-element elementor-element-2eecf8e elementor-invisible elementor-widget elementor-widget-heading\" data-id=\"2eecf8e\" data-element_type=\"widget\" data-e-type=\"widget\" data-settings=\"{&quot;_animation&quot;:&quot;zoomOutUp&quot;,&quot;_animation_delay&quot;:700}\" data-widget_type=\"heading.default\">\n\t\t\t\t<div class=\"elementor-widget-container\">\n\t\t\t\t\t<h2 class=\"elementor-heading-title elementor-size-default\">En la mezcla<\/h2>\t\t\t\t<\/div>\n\t\t\t\t<\/div>\n\t\t\t\t<div class=\"elementor-element elementor-element-3868e5f elementor-widget__width-initial elementor-widget-mobile__width-inherit elementor-invisible elementor-widget elementor-widget-text-editor\" data-id=\"3868e5f\" data-element_type=\"widget\" data-e-type=\"widget\" data-settings=\"{&quot;_animation&quot;:&quot;zoomOutUp&quot;,&quot;_animation_delay&quot;:800}\" data-widget_type=\"text-editor.default\">\n\t\t\t\t<div class=\"elementor-widget-container\">\n\t\t\t\t\t\t\t\t\t<p>La comunidad de Solomon Hills contar\u00e1 con una distintiva colecci\u00f3n de barrios con una gran variedad de viviendas. Tanto si prefiere una casa unifamiliar, un d\u00faplex o una casa adosada, encontrar\u00e1 muchas opciones que se adapten a sus necesidades y estilo de vida. 4.000 viviendas nuevas con m\u00e1s de 71% dise\u00f1adas para familias trabajadoras y compradores primerizos.<\/p>\t\t\t\t\t\t\t\t<\/div>\n\t\t\t\t<\/div>\n\t\t\t\t<div class=\"elementor-element elementor-element-272cd16 elementor-hidden-mobile elementor-invisible elementor-widget elementor-widget-image\" data-id=\"272cd16\" data-element_type=\"widget\" data-e-type=\"widget\" data-settings=\"{&quot;_animation&quot;:&quot;zoomOutUp&quot;}\" data-widget_type=\"image.default\">\n\t\t\t\t<div class=\"elementor-widget-container\">\n\t\t\t\t\t\t\t\t\t\t\t\t\t\t\t<img loading=\"lazy\" decoding=\"async\" width=\"1000\" height=\"452\" src=\"https:\/\/solomonhillsca.com\/wp-content\/uploads\/2025\/05\/Updated-Housing-Mix-May-2025-1024x463.jpg\" class=\"attachment-large size-large wp-image-4546\" alt=\"\" srcset=\"https:\/\/solomonhillsca.com\/wp-content\/uploads\/2025\/05\/Updated-Housing-Mix-May-2025-1024x463.jpg 1024w, https:\/\/solomonhillsca.com\/wp-content\/uploads\/2025\/05\/Updated-Housing-Mix-May-2025-300x136.jpg 300w, https:\/\/solomonhillsca.com\/wp-content\/uploads\/2025\/05\/Updated-Housing-Mix-May-2025-768x347.jpg 768w, https:\/\/solomonhillsca.com\/wp-content\/uploads\/2025\/05\/Updated-Housing-Mix-May-2025-1536x694.jpg 1536w, https:\/\/solomonhillsca.com\/wp-content\/uploads\/2025\/05\/Updated-Housing-Mix-May-2025-2048x925.jpg 2048w, https:\/\/solomonhillsca.com\/wp-content\/uploads\/2025\/05\/Updated-Housing-Mix-May-2025-18x8.jpg 18w, https:\/\/solomonhillsca.com\/wp-content\/uploads\/2025\/05\/Updated-Housing-Mix-May-2025-650x294.jpg 650w\" sizes=\"(max-width: 1000px) 100vw, 1000px\" \/>\t\t\t\t\t\t\t\t\t\t\t\t\t\t\t<\/div>\n\t\t\t\t<\/div>\n\t\t\t\t<div class=\"elementor-element elementor-element-cecba71 elementor-hidden-desktop elementor-hidden-tablet elementor-widget elementor-widget-image\" data-id=\"cecba71\" data-element_type=\"widget\" data-e-type=\"widget\" data-settings=\"{&quot;_animation_mobile&quot;:&quot;zoomOutUp&quot;}\" data-widget_type=\"image.default\">\n\t\t\t\t<div class=\"elementor-widget-container\">\n\t\t\t\t\t\t\t\t\t\t\t\t\t\t\t<img loading=\"lazy\" decoding=\"async\" width=\"1000\" height=\"647\" src=\"https:\/\/solomonhillsca.com\/wp-content\/uploads\/2025\/05\/71-1024x663.jpg\" class=\"attachment-large size-large wp-image-4547\" alt=\"\" srcset=\"https:\/\/solomonhillsca.com\/wp-content\/uploads\/2025\/05\/71-1024x663.jpg 1024w, https:\/\/solomonhillsca.com\/wp-content\/uploads\/2025\/05\/71-300x194.jpg 300w, https:\/\/solomonhillsca.com\/wp-content\/uploads\/2025\/05\/71-768x497.jpg 768w, https:\/\/solomonhillsca.com\/wp-content\/uploads\/2025\/05\/71-1536x995.jpg 1536w, https:\/\/solomonhillsca.com\/wp-content\/uploads\/2025\/05\/71-2048x1326.jpg 2048w, https:\/\/solomonhillsca.com\/wp-content\/uploads\/2025\/05\/71-18x12.jpg 18w, https:\/\/solomonhillsca.com\/wp-content\/uploads\/2025\/05\/71-650x421.jpg 650w\" sizes=\"(max-width: 1000px) 100vw, 1000px\" \/>\t\t\t\t\t\t\t\t\t\t\t\t\t\t\t<\/div>\n\t\t\t\t<\/div>\n\t\t\t\t<div class=\"elementor-element elementor-element-086c2f6 elementor-hidden-desktop elementor-hidden-tablet elementor-widget elementor-widget-image\" data-id=\"086c2f6\" data-element_type=\"widget\" data-e-type=\"widget\" data-settings=\"{&quot;_animation_mobile&quot;:&quot;zoomOutUp&quot;}\" data-widget_type=\"image.default\">\n\t\t\t\t<div class=\"elementor-widget-container\">\n\t\t\t\t\t\t\t\t\t\t\t\t\t\t\t<img loading=\"lazy\" decoding=\"async\" width=\"1000\" height=\"647\" src=\"https:\/\/solomonhillsca.com\/wp-content\/uploads\/2025\/05\/29-1024x663.jpg\" class=\"attachment-large size-large wp-image-4549\" alt=\"\" srcset=\"https:\/\/solomonhillsca.com\/wp-content\/uploads\/2025\/05\/29-1024x663.jpg 1024w, https:\/\/solomonhillsca.com\/wp-content\/uploads\/2025\/05\/29-300x194.jpg 300w, https:\/\/solomonhillsca.com\/wp-content\/uploads\/2025\/05\/29-768x497.jpg 768w, https:\/\/solomonhillsca.com\/wp-content\/uploads\/2025\/05\/29-1536x995.jpg 1536w, https:\/\/solomonhillsca.com\/wp-content\/uploads\/2025\/05\/29-2048x1326.jpg 2048w, https:\/\/solomonhillsca.com\/wp-content\/uploads\/2025\/05\/29-18x12.jpg 18w, https:\/\/solomonhillsca.com\/wp-content\/uploads\/2025\/05\/29-650x421.jpg 650w\" sizes=\"(max-width: 1000px) 100vw, 1000px\" \/>\t\t\t\t\t\t\t\t\t\t\t\t\t\t\t<\/div>\n\t\t\t\t<\/div>\n\t\t\t\t\t<\/div>\n\t\t\t\t<\/div>\n\t\t\t\t<\/div>","protected":false},"excerpt":{"rendered":"<p>\u00daNETE A NUESTRO VIAJE Oportunidad Cumplir los sue\u00f1os de ser propietario de una vivienda Solomon Hills ofrece a los habitantes del norte del condado de Santa B\u00e1rbara [...]<\/p>","protected":false},"author":2,"featured_media":0,"parent":0,"menu_order":0,"comment_status":"closed","ping_status":"closed","template":"elementor_header_footer","meta":{"_seopress_robots_primary_cat":"","_seopress_titles_title":"","_seopress_titles_desc":"Discover Solomon Hills, where 70% of 4,000 homes are designed for working families. Enjoy sustainable living with 65% of land preserved for nature and recreation.","_seopress_robots_index":"","footnotes":""},"class_list":["post-2502","page","type-page","status-publish","hentry"],"_links":{"self":[{"href":"https:\/\/solomonhillsca.com\/es\/wp-json\/wp\/v2\/pages\/2502","targetHints":{"allow":["GET"]}}],"collection":[{"href":"https:\/\/solomonhillsca.com\/es\/wp-json\/wp\/v2\/pages"}],"about":[{"href":"https:\/\/solomonhillsca.com\/es\/wp-json\/wp\/v2\/types\/page"}],"author":[{"embeddable":true,"href":"https:\/\/solomonhillsca.com\/es\/wp-json\/wp\/v2\/users\/2"}],"replies":[{"embeddable":true,"href":"https:\/\/solomonhillsca.com\/es\/wp-json\/wp\/v2\/comments?post=2502"}],"version-history":[{"count":21,"href":"https:\/\/solomonhillsca.com\/es\/wp-json\/wp\/v2\/pages\/2502\/revisions"}],"predecessor-version":[{"id":4552,"href":"https:\/\/solomonhillsca.com\/es\/wp-json\/wp\/v2\/pages\/2502\/revisions\/4552"}],"wp:attachment":[{"href":"https:\/\/solomonhillsca.com\/es\/wp-json\/wp\/v2\/media?parent=2502"}],"curies":[{"name":"wp","href":"https:\/\/api.w.org\/{rel}","templated":true}]}}